{"id":100,"date":"2025-05-30T00:35:47","date_gmt":"2025-05-29T22:35:47","guid":{"rendered":"https:\/\/pogrywamy.com\/?page_id=100"},"modified":"2025-05-30T00:42:21","modified_gmt":"2025-05-29T22:42:21","slug":"gry-pc","status":"publish","type":"page","link":"https:\/\/pogrywamy.com\/index.php\/gry-pc\/","title":{"rendered":"Gry PC"},"content":{"rendered":"\n<p>Szukasz najlepszych gier na PC? Sprawd\u017a recenzje, poradniki i rankingi gier komputerowych dla ka\u017cdego gracza! W tej kategorii znajdziesz zar\u00f3wno najnowsze hity, jak i kultowe klasyki. Ocenimy RPG, FPS, strategie, gry przygodowe, symulatory i tytu\u0142y indie \u2013 wszystko, co powinno znale\u017a\u0107 si\u0119 na Twoim komputerze.<\/p>\n\n\n\n<p>Oferujemy:<\/p>\n\n\n\n<ul class=\"wp-block-list\">\n<li>Rzetelne recenzje gier PC z ka\u017cdej kategorii,<\/li>\n\n\n\n<li>Porady i tipy dla graczy PC \u2013 zar\u00f3wno pocz\u0105tkuj\u0105cych, jak i zaawansowanych,<\/li>\n\n\n\n<li>Aktualne zestawienia najlepszych gier komputerowych,<\/li>\n\n\n\n<li>Gry singleplayer i multiplayer, tak\u017ce darmowe tytu\u0142y na PC.<\/li>\n<\/ul>\n\n\n\n<p>Graj, odkrywaj i aktualizuj swoj\u0105 kolekcj\u0119 gier PC razem z nami!<\/p>\n\n\n\n<p><strong>Gatunki<\/strong><br><a href=\"https:\/\/pogrywamy.com\/index.php\/gry-crpg\/\">cRPG<\/a><br><a href=\"https:\/\/pogrywamy.com\/index.php\/gry-przygodowe\/\">Przygodowe<\/a><\/p>\n","protected":false},"excerpt":{"rendered":"<p>Szukasz najlepszych gier na PC? Sprawd\u017a recenzje, poradniki i rankingi gier komputerowych dla ka\u017cdego gracza! W tej kategorii znajdziesz zar\u00f3wno najnowsze hity, jak i kultowe klasyki. Ocenimy RPG, FPS, strategie, gry przygodowe, symulatory i tytu\u0142y indie \u2013 wszystko, co powinno znale\u017a\u0107 si\u0119 na Twoim komputerze. Oferujemy: Graj, odkrywaj i aktualizuj swoj\u0105 kolekcj\u0119 gier PC razem &hellip; <\/p>\n<p class=\"link-more\"><a href=\"https:\/\/pogrywamy.com\/index.php\/gry-pc\/\" class=\"more-link\">Czytaj dalej<span class=\"screen-reader-text\"> \u201eGry PC\u201d<\/span><\/a><\/p>\n","protected":false},"author":2,"featured_media":0,"parent":0,"menu_order":0,"comment_status":"closed","ping_status":"closed","template":"","meta":{"footnotes":""},"class_list":["post-100","page","type-page","status-publish","hentry"],"yoast_head":"<!-- This site is optimized with the Yoast SEO plugin v25.1 - https:\/\/yoast.com\/wordpress\/plugins\/seo\/ -->\n<title>Gry PC - Recenzje Gier - o grach | poGrywamy<\/title>\n<meta name=\"description\" content=\"Recenzje i poradniki do najlepszych gier PC. Odkryj najnowsze i klasyczne gry komputerowe \u2013 RPG, FPS, strategie, symulatory i wi\u0119cej!\" \/>\n<meta name=\"robots\" content=\"index, follow, max-snippet:-1, max-image-preview:large, max-video-preview:-1\" \/>\n<link rel=\"canonical\" href=\"https:\/\/pogrywamy.com\/index.php\/gry-pc\/\" \/>\n<meta property=\"og:locale\" content=\"pl_PL\" \/>\n<meta property=\"og:type\" content=\"article\" \/>\n<meta property=\"og:title\" content=\"Gry PC - Recenzje Gier - o grach | poGrywamy\" \/>\n<meta property=\"og:description\" content=\"Recenzje i poradniki do najlepszych gier PC. Odkryj najnowsze i klasyczne gry komputerowe \u2013 RPG, FPS, strategie, symulatory i wi\u0119cej!\" \/>\n<meta property=\"og:url\" content=\"https:\/\/pogrywamy.com\/index.php\/gry-pc\/\" \/>\n<meta property=\"og:site_name\" content=\"Recenzje Gier - o grach | poGrywamy\" \/>\n<meta property=\"article:modified_time\" content=\"2025-05-29T22:42:21+00:00\" \/>\n<meta name=\"twitter:card\" content=\"summary_large_image\" \/>\n<meta name=\"twitter:label1\" content=\"Szacowany czas czytania\" \/>\n\t<meta name=\"twitter:data1\" content=\"1 minuta\" \/>\n<script type=\"application\/ld+json\" class=\"yoast-schema-graph\">{\"@context\":\"https:\/\/schema.org\",\"@graph\":[{\"@type\":\"WebPage\",\"@id\":\"https:\/\/pogrywamy.com\/index.php\/gry-pc\/\",\"url\":\"https:\/\/pogrywamy.com\/index.php\/gry-pc\/\",\"name\":\"Gry PC - Recenzje Gier - o grach | poGrywamy\",\"isPartOf\":{\"@id\":\"https:\/\/pogrywamy.com\/#website\"},\"datePublished\":\"2025-05-29T22:35:47+00:00\",\"dateModified\":\"2025-05-29T22:42:21+00:00\",\"description\":\"Recenzje i poradniki do najlepszych gier PC. Odkryj najnowsze i klasyczne gry komputerowe \u2013 RPG, FPS, strategie, symulatory i wi\u0119cej!\",\"breadcrumb\":{\"@id\":\"https:\/\/pogrywamy.com\/index.php\/gry-pc\/#breadcrumb\"},\"inLanguage\":\"pl-PL\",\"potentialAction\":[{\"@type\":\"ReadAction\",\"target\":[\"https:\/\/pogrywamy.com\/index.php\/gry-pc\/\"]}]},{\"@type\":\"BreadcrumbList\",\"@id\":\"https:\/\/pogrywamy.com\/index.php\/gry-pc\/#breadcrumb\",\"itemListElement\":[{\"@type\":\"ListItem\",\"position\":1,\"name\":\"Strona g\u0142\u00f3wna\",\"item\":\"https:\/\/pogrywamy.com\/\"},{\"@type\":\"ListItem\",\"position\":2,\"name\":\"Gry PC\"}]},{\"@type\":\"WebSite\",\"@id\":\"https:\/\/pogrywamy.com\/#website\",\"url\":\"https:\/\/pogrywamy.com\/\",\"name\":\"Recenzje Gier - o grach | poGrywamy\",\"description\":\"\",\"publisher\":{\"@id\":\"https:\/\/pogrywamy.com\/#organization\"},\"potentialAction\":[{\"@type\":\"SearchAction\",\"target\":{\"@type\":\"EntryPoint\",\"urlTemplate\":\"https:\/\/pogrywamy.com\/?s={search_term_string}\"},\"query-input\":{\"@type\":\"PropertyValueSpecification\",\"valueRequired\":true,\"valueName\":\"search_term_string\"}}],\"inLanguage\":\"pl-PL\"},{\"@type\":\"Organization\",\"@id\":\"https:\/\/pogrywamy.com\/#organization\",\"name\":\"Recenzje Gier - o grach | poGrywamy\",\"url\":\"https:\/\/pogrywamy.com\/\",\"logo\":{\"@type\":\"ImageObject\",\"inLanguage\":\"pl-PL\",\"@id\":\"https:\/\/pogrywamy.com\/#\/schema\/logo\/image\/\",\"url\":\"https:\/\/pogrywamy.com\/wp-content\/uploads\/2025\/05\/cropped-pogrywamy-logo.png\",\"contentUrl\":\"https:\/\/pogrywamy.com\/wp-content\/uploads\/2025\/05\/cropped-pogrywamy-logo.png\",\"width\":1069,\"height\":250,\"caption\":\"Recenzje Gier - o grach | poGrywamy\"},\"image\":{\"@id\":\"https:\/\/pogrywamy.com\/#\/schema\/logo\/image\/\"}}]}<\/script>\n<!-- \/ Yoast SEO plugin. -->","yoast_head_json":{"title":"Gry PC - Recenzje Gier - o grach | poGrywamy","description":"Recenzje i poradniki do najlepszych gier PC. Odkryj najnowsze i klasyczne gry komputerowe \u2013 RPG, FPS, strategie, symulatory i wi\u0119cej!","robots":{"index":"index","follow":"follow","max-snippet":"max-snippet:-1","max-image-preview":"max-image-preview:large","max-video-preview":"max-video-preview:-1"},"canonical":"https:\/\/pogrywamy.com\/index.php\/gry-pc\/","og_locale":"pl_PL","og_type":"article","og_title":"Gry PC - Recenzje Gier - o grach | poGrywamy","og_description":"Recenzje i poradniki do najlepszych gier PC. Odkryj najnowsze i klasyczne gry komputerowe \u2013 RPG, FPS, strategie, symulatory i wi\u0119cej!","og_url":"https:\/\/pogrywamy.com\/index.php\/gry-pc\/","og_site_name":"Recenzje Gier - o grach | poGrywamy","article_modified_time":"2025-05-29T22:42:21+00:00","twitter_card":"summary_large_image","twitter_misc":{"Szacowany czas czytania":"1 minuta"},"schema":{"@context":"https:\/\/schema.org","@graph":[{"@type":"WebPage","@id":"https:\/\/pogrywamy.com\/index.php\/gry-pc\/","url":"https:\/\/pogrywamy.com\/index.php\/gry-pc\/","name":"Gry PC - Recenzje Gier - o grach | poGrywamy","isPartOf":{"@id":"https:\/\/pogrywamy.com\/#website"},"datePublished":"2025-05-29T22:35:47+00:00","dateModified":"2025-05-29T22:42:21+00:00","description":"Recenzje i poradniki do najlepszych gier PC. Odkryj najnowsze i klasyczne gry komputerowe \u2013 RPG, FPS, strategie, symulatory i wi\u0119cej!","breadcrumb":{"@id":"https:\/\/pogrywamy.com\/index.php\/gry-pc\/#breadcrumb"},"inLanguage":"pl-PL","potentialAction":[{"@type":"ReadAction","target":["https:\/\/pogrywamy.com\/index.php\/gry-pc\/"]}]},{"@type":"BreadcrumbList","@id":"https:\/\/pogrywamy.com\/index.php\/gry-pc\/#breadcrumb","itemListElement":[{"@type":"ListItem","position":1,"name":"Strona g\u0142\u00f3wna","item":"https:\/\/pogrywamy.com\/"},{"@type":"ListItem","position":2,"name":"Gry PC"}]},{"@type":"WebSite","@id":"https:\/\/pogrywamy.com\/#website","url":"https:\/\/pogrywamy.com\/","name":"Recenzje Gier - o grach | poGrywamy","description":"","publisher":{"@id":"https:\/\/pogrywamy.com\/#organization"},"potentialAction":[{"@type":"SearchAction","target":{"@type":"EntryPoint","urlTemplate":"https:\/\/pogrywamy.com\/?s={search_term_string}"},"query-input":{"@type":"PropertyValueSpecification","valueRequired":true,"valueName":"search_term_string"}}],"inLanguage":"pl-PL"},{"@type":"Organization","@id":"https:\/\/pogrywamy.com\/#organization","name":"Recenzje Gier - o grach | poGrywamy","url":"https:\/\/pogrywamy.com\/","logo":{"@type":"ImageObject","inLanguage":"pl-PL","@id":"https:\/\/pogrywamy.com\/#\/schema\/logo\/image\/","url":"https:\/\/pogrywamy.com\/wp-content\/uploads\/2025\/05\/cropped-pogrywamy-logo.png","contentUrl":"https:\/\/pogrywamy.com\/wp-content\/uploads\/2025\/05\/cropped-pogrywamy-logo.png","width":1069,"height":250,"caption":"Recenzje Gier - o grach | poGrywamy"},"image":{"@id":"https:\/\/pogrywamy.com\/#\/schema\/logo\/image\/"}}]}},"_links":{"self":[{"href":"https:\/\/pogrywamy.com\/index.php\/wp-json\/wp\/v2\/pages\/100","targetHints":{"allow":["GET"]}}],"collection":[{"href":"https:\/\/pogrywamy.com\/index.php\/wp-json\/wp\/v2\/pages"}],"about":[{"href":"https:\/\/pogrywamy.com\/index.php\/wp-json\/wp\/v2\/types\/page"}],"author":[{"embeddable":true,"href":"https:\/\/pogrywamy.com\/index.php\/wp-json\/wp\/v2\/users\/2"}],"replies":[{"embeddable":true,"href":"https:\/\/pogrywamy.com\/index.php\/wp-json\/wp\/v2\/comments?post=100"}],"version-history":[{"count":2,"href":"https:\/\/pogrywamy.com\/index.php\/wp-json\/wp\/v2\/pages\/100\/revisions"}],"predecessor-version":[{"id":109,"href":"https:\/\/pogrywamy.com\/index.php\/wp-json\/wp\/v2\/pages\/100\/revisions\/109"}],"wp:attachment":[{"href":"https:\/\/pogrywamy.com\/index.php\/wp-json\/wp\/v2\/media?parent=100"}],"curies":[{"name":"wp","href":"https:\/\/api.w.org\/{rel}","templated":true}]}}