{"id":106,"date":"2025-05-30T00:40:57","date_gmt":"2025-05-29T22:40:57","guid":{"rendered":"https:\/\/pogrywamy.com\/?page_id=106"},"modified":"2025-05-30T00:43:26","modified_gmt":"2025-05-29T22:43:26","slug":"gry-przygodowe","status":"publish","type":"page","link":"https:\/\/pogrywamy.com\/index.php\/gry-przygodowe\/","title":{"rendered":"Gry przygodowe"},"content":{"rendered":"\n<p>Gry przygodowe to emocjonuj\u0105ce opowie\u015bci, zagadki logiczne i niezwyk\u0142e \u015bwiaty, kt\u00f3re wci\u0105gaj\u0105 na d\u0142ugie godziny. W tej kategorii znajdziesz wszystko, co najlepsze w przygod\u00f3wkach \u2013 od legendarnych tytu\u0142\u00f3w point &amp; click po nowoczesne narracyjne gry akcji. Publikujemy recenzje, zestawienia najlepszych gier, porady i ciekawostki dla ka\u017cdego fana przyg\u00f3d.<\/p>\n\n\n\n<p>Je\u015bli kochasz dobre historie, nietypowe postaci i intelektualne wyzwania \u2013 ta sekcja jest dla Ciebie.<\/p>\n\n\n\n<figure class=\"wp-block-image size-full\"><img loading=\"lazy\" decoding=\"async\" width=\"750\" height=\"422\" src=\"https:\/\/pogrywamy.com\/wp-content\/uploads\/2025\/05\/harry_czara_ognia.jpeg\" alt=\"\" class=\"wp-image-84\" srcset=\"https:\/\/pogrywamy.com\/wp-content\/uploads\/2025\/05\/harry_czara_ognia.jpeg 750w, https:\/\/pogrywamy.com\/wp-content\/uploads\/2025\/05\/harry_czara_ognia-300x169.jpeg 300w\" sizes=\"auto, (max-width: 706px) 89vw, (max-width: 767px) 82vw, 740px\" \/><\/figure>\n\n\n\n<p><\/p>\n\n\n\n<p><strong>Recenzje<\/strong><br><a href=\"https:\/\/pogrywamy.com\/index.php\/2025\/05\/16\/pitfall-klasyk-ktory-otworzyl-dzungle-gier-platformowych\/\">Pitfall<\/a><br><a href=\"https:\/\/pogrywamy.com\/index.php\/2025\/05\/22\/rayman-legendarna-gra-dla-dzieci\/\">Rayman<\/a><\/p>\n","protected":false},"excerpt":{"rendered":"<p>Gry przygodowe to emocjonuj\u0105ce opowie\u015bci, zagadki logiczne i niezwyk\u0142e \u015bwiaty, kt\u00f3re wci\u0105gaj\u0105 na d\u0142ugie godziny. W tej kategorii znajdziesz wszystko, co najlepsze w przygod\u00f3wkach \u2013 od legendarnych tytu\u0142\u00f3w point &amp; click po nowoczesne narracyjne gry akcji. Publikujemy recenzje, zestawienia najlepszych gier, porady i ciekawostki dla ka\u017cdego fana przyg\u00f3d. Je\u015bli kochasz dobre historie, nietypowe postaci i &hellip; <\/p>\n<p class=\"link-more\"><a href=\"https:\/\/pogrywamy.com\/index.php\/gry-przygodowe\/\" class=\"more-link\">Czytaj dalej<span class=\"screen-reader-text\"> \u201eGry przygodowe\u201d<\/span><\/a><\/p>\n","protected":false},"author":2,"featured_media":0,"parent":0,"menu_order":0,"comment_status":"closed","ping_status":"closed","template":"","meta":{"footnotes":""},"class_list":["post-106","page","type-page","status-publish","hentry"],"yoast_head":"<!-- This site is optimized with the Yoast SEO plugin v25.1 - https:\/\/yoast.com\/wordpress\/plugins\/seo\/ -->\n<title>Gry przygodowe - Recenzje Gier - o grach | poGrywamy<\/title>\n<meta name=\"description\" content=\"Recenzje, poradniki i zestawienia najlepszych gier przygodowych. Odkryj gry fabularne, point &amp; click, narracyjne i logiczne \u2013 klasyki i nowo\u015bci!\" \/>\n<meta name=\"robots\" content=\"index, follow, max-snippet:-1, max-image-preview:large, max-video-preview:-1\" \/>\n<link rel=\"canonical\" href=\"https:\/\/pogrywamy.com\/index.php\/gry-przygodowe\/\" \/>\n<meta property=\"og:locale\" content=\"pl_PL\" \/>\n<meta property=\"og:type\" content=\"article\" \/>\n<meta property=\"og:title\" content=\"Gry przygodowe - Recenzje Gier - o grach | poGrywamy\" \/>\n<meta property=\"og:description\" content=\"Recenzje, poradniki i zestawienia najlepszych gier przygodowych. Odkryj gry fabularne, point &amp; click, narracyjne i logiczne \u2013 klasyki i nowo\u015bci!\" \/>\n<meta property=\"og:url\" content=\"https:\/\/pogrywamy.com\/index.php\/gry-przygodowe\/\" \/>\n<meta property=\"og:site_name\" content=\"Recenzje Gier - o grach | poGrywamy\" \/>\n<meta property=\"article:modified_time\" content=\"2025-05-29T22:43:26+00:00\" \/>\n<meta property=\"og:image\" content=\"http:\/\/pogrywamy.com\/wp-content\/uploads\/2025\/05\/harry_czara_ognia.jpeg\" \/>\n<meta name=\"twitter:card\" content=\"summary_large_image\" \/>\n<meta name=\"twitter:label1\" content=\"Szacowany czas czytania\" \/>\n\t<meta name=\"twitter:data1\" content=\"1 minuta\" \/>\n<script type=\"application\/ld+json\" class=\"yoast-schema-graph\">{\"@context\":\"https:\/\/schema.org\",\"@graph\":[{\"@type\":\"WebPage\",\"@id\":\"https:\/\/pogrywamy.com\/index.php\/gry-przygodowe\/\",\"url\":\"https:\/\/pogrywamy.com\/index.php\/gry-przygodowe\/\",\"name\":\"Gry przygodowe - Recenzje Gier - o grach | poGrywamy\",\"isPartOf\":{\"@id\":\"https:\/\/pogrywamy.com\/#website\"},\"primaryImageOfPage\":{\"@id\":\"https:\/\/pogrywamy.com\/index.php\/gry-przygodowe\/#primaryimage\"},\"image\":{\"@id\":\"https:\/\/pogrywamy.com\/index.php\/gry-przygodowe\/#primaryimage\"},\"thumbnailUrl\":\"http:\/\/pogrywamy.com\/wp-content\/uploads\/2025\/05\/harry_czara_ognia.jpeg\",\"datePublished\":\"2025-05-29T22:40:57+00:00\",\"dateModified\":\"2025-05-29T22:43:26+00:00\",\"description\":\"Recenzje, poradniki i zestawienia najlepszych gier przygodowych. Odkryj gry fabularne, point & click, narracyjne i logiczne \u2013 klasyki i nowo\u015bci!\",\"breadcrumb\":{\"@id\":\"https:\/\/pogrywamy.com\/index.php\/gry-przygodowe\/#breadcrumb\"},\"inLanguage\":\"pl-PL\",\"potentialAction\":[{\"@type\":\"ReadAction\",\"target\":[\"https:\/\/pogrywamy.com\/index.php\/gry-przygodowe\/\"]}]},{\"@type\":\"ImageObject\",\"inLanguage\":\"pl-PL\",\"@id\":\"https:\/\/pogrywamy.com\/index.php\/gry-przygodowe\/#primaryimage\",\"url\":\"https:\/\/pogrywamy.com\/wp-content\/uploads\/2025\/05\/harry_czara_ognia.jpeg\",\"contentUrl\":\"https:\/\/pogrywamy.com\/wp-content\/uploads\/2025\/05\/harry_czara_ognia.jpeg\",\"width\":750,\"height\":422},{\"@type\":\"BreadcrumbList\",\"@id\":\"https:\/\/pogrywamy.com\/index.php\/gry-przygodowe\/#breadcrumb\",\"itemListElement\":[{\"@type\":\"ListItem\",\"position\":1,\"name\":\"Strona g\u0142\u00f3wna\",\"item\":\"https:\/\/pogrywamy.com\/\"},{\"@type\":\"ListItem\",\"position\":2,\"name\":\"Gry przygodowe\"}]},{\"@type\":\"WebSite\",\"@id\":\"https:\/\/pogrywamy.com\/#website\",\"url\":\"https:\/\/pogrywamy.com\/\",\"name\":\"Recenzje Gier - o grach | poGrywamy\",\"description\":\"\",\"publisher\":{\"@id\":\"https:\/\/pogrywamy.com\/#organization\"},\"potentialAction\":[{\"@type\":\"SearchAction\",\"target\":{\"@type\":\"EntryPoint\",\"urlTemplate\":\"https:\/\/pogrywamy.com\/?s={search_term_string}\"},\"query-input\":{\"@type\":\"PropertyValueSpecification\",\"valueRequired\":true,\"valueName\":\"search_term_string\"}}],\"inLanguage\":\"pl-PL\"},{\"@type\":\"Organization\",\"@id\":\"https:\/\/pogrywamy.com\/#organization\",\"name\":\"Recenzje Gier - o grach | poGrywamy\",\"url\":\"https:\/\/pogrywamy.com\/\",\"logo\":{\"@type\":\"ImageObject\",\"inLanguage\":\"pl-PL\",\"@id\":\"https:\/\/pogrywamy.com\/#\/schema\/logo\/image\/\",\"url\":\"https:\/\/pogrywamy.com\/wp-content\/uploads\/2025\/05\/cropped-pogrywamy-logo.png\",\"contentUrl\":\"https:\/\/pogrywamy.com\/wp-content\/uploads\/2025\/05\/cropped-pogrywamy-logo.png\",\"width\":1069,\"height\":250,\"caption\":\"Recenzje Gier - o grach | poGrywamy\"},\"image\":{\"@id\":\"https:\/\/pogrywamy.com\/#\/schema\/logo\/image\/\"}}]}<\/script>\n<!-- \/ Yoast SEO plugin. -->","yoast_head_json":{"title":"Gry przygodowe - Recenzje Gier - o grach | poGrywamy","description":"Recenzje, poradniki i zestawienia najlepszych gier przygodowych. Odkryj gry fabularne, point & click, narracyjne i logiczne \u2013 klasyki i nowo\u015bci!","robots":{"index":"index","follow":"follow","max-snippet":"max-snippet:-1","max-image-preview":"max-image-preview:large","max-video-preview":"max-video-preview:-1"},"canonical":"https:\/\/pogrywamy.com\/index.php\/gry-przygodowe\/","og_locale":"pl_PL","og_type":"article","og_title":"Gry przygodowe - Recenzje Gier - o grach | poGrywamy","og_description":"Recenzje, poradniki i zestawienia najlepszych gier przygodowych. Odkryj gry fabularne, point & click, narracyjne i logiczne \u2013 klasyki i nowo\u015bci!","og_url":"https:\/\/pogrywamy.com\/index.php\/gry-przygodowe\/","og_site_name":"Recenzje Gier - o grach | poGrywamy","article_modified_time":"2025-05-29T22:43:26+00:00","og_image":[{"url":"http:\/\/pogrywamy.com\/wp-content\/uploads\/2025\/05\/harry_czara_ognia.jpeg","type":"","width":"","height":""}],"twitter_card":"summary_large_image","twitter_misc":{"Szacowany czas czytania":"1 minuta"},"schema":{"@context":"https:\/\/schema.org","@graph":[{"@type":"WebPage","@id":"https:\/\/pogrywamy.com\/index.php\/gry-przygodowe\/","url":"https:\/\/pogrywamy.com\/index.php\/gry-przygodowe\/","name":"Gry przygodowe - Recenzje Gier - o grach | poGrywamy","isPartOf":{"@id":"https:\/\/pogrywamy.com\/#website"},"primaryImageOfPage":{"@id":"https:\/\/pogrywamy.com\/index.php\/gry-przygodowe\/#primaryimage"},"image":{"@id":"https:\/\/pogrywamy.com\/index.php\/gry-przygodowe\/#primaryimage"},"thumbnailUrl":"http:\/\/pogrywamy.com\/wp-content\/uploads\/2025\/05\/harry_czara_ognia.jpeg","datePublished":"2025-05-29T22:40:57+00:00","dateModified":"2025-05-29T22:43:26+00:00","description":"Recenzje, poradniki i zestawienia najlepszych gier przygodowych. Odkryj gry fabularne, point & click, narracyjne i logiczne \u2013 klasyki i nowo\u015bci!","breadcrumb":{"@id":"https:\/\/pogrywamy.com\/index.php\/gry-przygodowe\/#breadcrumb"},"inLanguage":"pl-PL","potentialAction":[{"@type":"ReadAction","target":["https:\/\/pogrywamy.com\/index.php\/gry-przygodowe\/"]}]},{"@type":"ImageObject","inLanguage":"pl-PL","@id":"https:\/\/pogrywamy.com\/index.php\/gry-przygodowe\/#primaryimage","url":"https:\/\/pogrywamy.com\/wp-content\/uploads\/2025\/05\/harry_czara_ognia.jpeg","contentUrl":"https:\/\/pogrywamy.com\/wp-content\/uploads\/2025\/05\/harry_czara_ognia.jpeg","width":750,"height":422},{"@type":"BreadcrumbList","@id":"https:\/\/pogrywamy.com\/index.php\/gry-przygodowe\/#breadcrumb","itemListElement":[{"@type":"ListItem","position":1,"name":"Strona g\u0142\u00f3wna","item":"https:\/\/pogrywamy.com\/"},{"@type":"ListItem","position":2,"name":"Gry przygodowe"}]},{"@type":"WebSite","@id":"https:\/\/pogrywamy.com\/#website","url":"https:\/\/pogrywamy.com\/","name":"Recenzje Gier - o grach | poGrywamy","description":"","publisher":{"@id":"https:\/\/pogrywamy.com\/#organization"},"potentialAction":[{"@type":"SearchAction","target":{"@type":"EntryPoint","urlTemplate":"https:\/\/pogrywamy.com\/?s={search_term_string}"},"query-input":{"@type":"PropertyValueSpecification","valueRequired":true,"valueName":"search_term_string"}}],"inLanguage":"pl-PL"},{"@type":"Organization","@id":"https:\/\/pogrywamy.com\/#organization","name":"Recenzje Gier - o grach | poGrywamy","url":"https:\/\/pogrywamy.com\/","logo":{"@type":"ImageObject","inLanguage":"pl-PL","@id":"https:\/\/pogrywamy.com\/#\/schema\/logo\/image\/","url":"https:\/\/pogrywamy.com\/wp-content\/uploads\/2025\/05\/cropped-pogrywamy-logo.png","contentUrl":"https:\/\/pogrywamy.com\/wp-content\/uploads\/2025\/05\/cropped-pogrywamy-logo.png","width":1069,"height":250,"caption":"Recenzje Gier - o grach | poGrywamy"},"image":{"@id":"https:\/\/pogrywamy.com\/#\/schema\/logo\/image\/"}}]}},"_links":{"self":[{"href":"https:\/\/pogrywamy.com\/index.php\/wp-json\/wp\/v2\/pages\/106","targetHints":{"allow":["GET"]}}],"collection":[{"href":"https:\/\/pogrywamy.com\/index.php\/wp-json\/wp\/v2\/pages"}],"about":[{"href":"https:\/\/pogrywamy.com\/index.php\/wp-json\/wp\/v2\/types\/page"}],"author":[{"embeddable":true,"href":"https:\/\/pogrywamy.com\/index.php\/wp-json\/wp\/v2\/users\/2"}],"replies":[{"embeddable":true,"href":"https:\/\/pogrywamy.com\/index.php\/wp-json\/wp\/v2\/comments?post=106"}],"version-history":[{"count":3,"href":"https:\/\/pogrywamy.com\/index.php\/wp-json\/wp\/v2\/pages\/106\/revisions"}],"predecessor-version":[{"id":111,"href":"https:\/\/pogrywamy.com\/index.php\/wp-json\/wp\/v2\/pages\/106\/revisions\/111"}],"wp:attachment":[{"href":"https:\/\/pogrywamy.com\/index.php\/wp-json\/wp\/v2\/media?parent=106"}],"curies":[{"name":"wp","href":"https:\/\/api.w.org\/{rel}","templated":true}]}}